{"id":10,"date":"2025-02-11T12:30:37","date_gmt":"2025-02-11T11:30:37","guid":{"rendered":"http:\/\/wp.issgemerkitzrettung.de\/?page_id=10"},"modified":"2025-04-29T13:24:34","modified_gmt":"2025-04-29T11:24:34","slug":"fuer-landwirte","status":"publish","type":"page","link":"https:\/\/issgemerkitzrettung.de\/?page_id=10","title":{"rendered":"F\u00fcr Landwirte"},"content":{"rendered":"\n<h1 class=\"wp-block-heading has-large-font-size\">Gem. \u00a739\/I BNatSchG ergibt sich f\u00fcr Landwirte die Verpflichtung Ma\u00dfnahmen zu treffen, damit bei der Mahd keine Wildtiere verletzt oder get\u00f6tet werden.<\/h1>\n\n\n\n<div class=\"wp-block-group alignfull has-very-light-gray-to-cyan-bluish-gray-gradient-background has-background\"><div class=\"wp-block-group__inner-container is-layout-flow wp-block-group-is-layout-flow\">\n<div class=\"wp-block-columns alignwide is-layout-flex wp-container-core-columns-is-layout-9d6595d7 wp-block-columns-is-layout-flex\">\n<div class=\"wp-block-column is-layout-flow wp-block-column-is-layout-flow\">\n<p class=\"has-large-font-size\"><strong>Wir freuen uns Sie hierbei unterst\u00fctzen zu d\u00fcrfen.<\/strong><\/p>\n\n\n\n<p class=\"has-large-font-size\">Nehmen Sie fr\u00fchzeitig Kontakt mit uns auf, um vorab wichtige Details zu besprechen.<\/p>\n<\/div>\n\n\n\n<div class=\"wp-block-column is-layout-flow wp-block-column-is-layout-flow\">\n<figure class=\"wp-block-image size-full is-style-rounded\"><img loading=\"lazy\" decoding=\"async\" width=\"610\" height=\"678\" src=\"http:\/\/wp.issgemerkitzrettung.de\/wp-content\/uploads\/2025\/04\/Traktor_Drohne.jpg\" alt=\"\" class=\"wp-image-176\" srcset=\"https:\/\/issgemerkitzrettung.de\/wp-content\/uploads\/2025\/04\/Traktor_Drohne.jpg 610w, https:\/\/issgemerkitzrettung.de\/wp-content\/uploads\/2025\/04\/Traktor_Drohne-270x300.jpg 270w\" sizes=\"auto, (max-width: 610px) 100vw, 610px\" \/><\/figure>\n<\/div>\n<\/div>\n<\/div><\/div>\n\n\n\n<div class=\"wp-block-group alignfull has-very-light-gray-to-cyan-bluish-gray-gradient-background has-background\"><div class=\"wp-block-group__inner-container is-layout-flow wp-block-group-is-layout-flow\">\n<div class=\"wp-block-columns alignwide is-layout-flex wp-container-core-columns-is-layout-9d6595d7 wp-block-columns-is-layout-flex\">\n<div class=\"wp-block-column is-layout-flow wp-block-column-is-layout-flow\">\n<figure class=\"wp-block-image size-full is-style-rounded\"><img loading=\"lazy\" decoding=\"async\" width=\"634\" height=\"714\" src=\"http:\/\/wp.issgemerkitzrettung.de\/wp-content\/uploads\/2025\/04\/Drohe_ready.jpg\" alt=\"\" class=\"wp-image-141\" srcset=\"https:\/\/issgemerkitzrettung.de\/wp-content\/uploads\/2025\/04\/Drohe_ready.jpg 634w, https:\/\/issgemerkitzrettung.de\/wp-content\/uploads\/2025\/04\/Drohe_ready-266x300.jpg 266w\" sizes=\"auto, (max-width: 634px) 100vw, 634px\" \/><\/figure>\n<\/div>\n\n\n\n<div class=\"wp-block-column is-layout-flow wp-block-column-is-layout-flow\">\n<p class=\"has-large-font-size\">Die Suche mit der W\u00e4rmebilddrohne erm\u00f6glicht es, Ihrer tierschutzrechtlichen Verantwortung zeitsparend und effektiv nachzukommen.<\/p>\n<\/div>\n<\/div>\n<\/div><\/div>\n\n\n\n<div class=\"wp-block-group alignfull has-very-light-gray-to-cyan-bluish-gray-gradient-background has-background\"><div class=\"wp-block-group__inner-container is-layout-flow wp-block-group-is-layout-flow\">\n<div class=\"wp-block-columns alignwide is-layout-flex wp-container-core-columns-is-layout-9d6595d7 wp-block-columns-is-layout-flex\">\n<div class=\"wp-block-column is-layout-flow wp-block-column-is-layout-flow\">\n<p class=\"has-large-font-size\">Das Kitz wurde lokalisiert und kann gerettet werden.<\/p>\n<\/div>\n\n\n\n<div class=\"wp-block-column is-layout-flow wp-block-column-is-layout-flow\">\n<figure class=\"wp-block-image size-full is-style-rounded\"><img loading=\"lazy\" decoding=\"async\" width=\"632\" height=\"712\" src=\"http:\/\/wp.issgemerkitzrettung.de\/wp-content\/uploads\/2025\/04\/Kitz_gefunden-1.jpg\" alt=\"\" class=\"wp-image-144\" srcset=\"https:\/\/issgemerkitzrettung.de\/wp-content\/uploads\/2025\/04\/Kitz_gefunden-1.jpg 632w, https:\/\/issgemerkitzrettung.de\/wp-content\/uploads\/2025\/04\/Kitz_gefunden-1-266x300.jpg 266w\" sizes=\"auto, (max-width: 632px) 100vw, 632px\" \/><\/figure>\n<\/div>\n<\/div>\n<\/div><\/div>\n\n\n\n<div class=\"wp-block-group alignfull has-very-light-gray-to-cyan-bluish-gray-gradient-background has-background\"><div class=\"wp-block-group__inner-container is-layout-flow wp-block-group-is-layout-flow\">\n<div class=\"wp-block-columns alignwide is-layout-flex wp-container-core-columns-is-layout-9d6595d7 wp-block-columns-is-layout-flex\">\n<div class=\"wp-block-column is-layout-flow wp-block-column-is-layout-flow\">\n<figure class=\"wp-block-image size-full is-style-rounded\"><img loading=\"lazy\" decoding=\"async\" width=\"630\" height=\"673\" src=\"http:\/\/wp.issgemerkitzrettung.de\/wp-content\/uploads\/2025\/04\/Kitz_gerettet.jpg\" alt=\"\" class=\"wp-image-146\" srcset=\"https:\/\/issgemerkitzrettung.de\/wp-content\/uploads\/2025\/04\/Kitz_gerettet.jpg 630w, https:\/\/issgemerkitzrettung.de\/wp-content\/uploads\/2025\/04\/Kitz_gerettet-281x300.jpg 281w\" sizes=\"auto, (max-width: 630px) 100vw, 630px\" \/><\/figure>\n<\/div>\n\n\n\n<div class=\"wp-block-column is-layout-flow wp-block-column-is-layout-flow\">\n<p class=\"has-large-font-size\">Die Helfer bringen das Kitz aus der Gefahrenzone.<\/p>\n<\/div>\n<\/div>\n<\/div><\/div>\n\n\n\n<div class=\"wp-block-group alignfull has-very-light-gray-to-cyan-bluish-gray-gradient-background has-background\"><div class=\"wp-block-group__inner-container is-layout-flow wp-block-group-is-layout-flow\">\n<div class=\"wp-block-columns alignwide is-layout-flex wp-container-core-columns-is-layout-9d6595d7 wp-block-columns-is-layout-flex\">\n<div class=\"wp-block-column is-layout-flow wp-block-column-is-layout-flow\">\n<p class=\"has-large-font-size\">Die Felder k\u00f6nnen jetzt gefahrlos gemaeht werden.<\/p>\n<\/div>\n\n\n\n<div class=\"wp-block-column is-layout-flow wp-block-column-is-layout-flow\">\n<figure class=\"wp-block-image size-full is-style-rounded\"><img loading=\"lazy\" decoding=\"async\" width=\"629\" height=\"674\" src=\"http:\/\/wp.issgemerkitzrettung.de\/wp-content\/uploads\/2025\/04\/Bauer_maeht.jpg\" alt=\"\" class=\"wp-image-148\" srcset=\"https:\/\/issgemerkitzrettung.de\/wp-content\/uploads\/2025\/04\/Bauer_maeht.jpg 629w, https:\/\/issgemerkitzrettung.de\/wp-content\/uploads\/2025\/04\/Bauer_maeht-280x300.jpg 280w\" sizes=\"auto, (max-width: 629px) 100vw, 629px\" \/><\/figure>\n<\/div>\n<\/div>\n<\/div><\/div>\n","protected":false},"excerpt":{"rendered":"<p>Gem. \u00a739\/I BNatSchG ergibt sich f\u00fcr Landwirte die Verpflichtung Ma\u00dfnahmen zu treffen, damit bei der Mahd keine Wildtiere verletzt oder get\u00f6tet werden. Wir freuen uns Sie hierbei unterst\u00fctzen zu d\u00fcrfen. Nehmen Sie fr\u00fchzeitig Kontakt mit uns auf, um vorab wichtige Details zu besprechen. Die Suche mit der W\u00e4rmebilddrohne erm\u00f6glicht es, Ihrer tierschutzrechtlichen Verantwortung zeitsparend und [&hellip;]<\/p>\n","protected":false},"author":1,"featured_media":0,"parent":0,"menu_order":0,"comment_status":"closed","ping_status":"closed","template":"","meta":{"footnotes":""},"class_list":["post-10","page","type-page","status-publish","hentry"],"_links":{"self":[{"href":"https:\/\/issgemerkitzrettung.de\/index.php?rest_route=\/wp\/v2\/pages\/10","targetHints":{"allow":["GET"]}}],"collection":[{"href":"https:\/\/issgemerkitzrettung.de\/index.php?rest_route=\/wp\/v2\/pages"}],"about":[{"href":"https:\/\/issgemerkitzrettung.de\/index.php?rest_route=\/wp\/v2\/types\/page"}],"author":[{"embeddable":true,"href":"https:\/\/issgemerkitzrettung.de\/index.php?rest_route=\/wp\/v2\/users\/1"}],"replies":[{"embeddable":true,"href":"https:\/\/issgemerkitzrettung.de\/index.php?rest_route=%2Fwp%2Fv2%2Fcomments&post=10"}],"version-history":[{"count":10,"href":"https:\/\/issgemerkitzrettung.de\/index.php?rest_route=\/wp\/v2\/pages\/10\/revisions"}],"predecessor-version":[{"id":252,"href":"https:\/\/issgemerkitzrettung.de\/index.php?rest_route=\/wp\/v2\/pages\/10\/revisions\/252"}],"wp:attachment":[{"href":"https:\/\/issgemerkitzrettung.de\/index.php?rest_route=%2Fwp%2Fv2%2Fmedia&parent=10"}],"curies":[{"name":"wp","href":"https:\/\/api.w.org\/{rel}","templated":true}]}}